{"id":348,"date":"2022-10-23T21:28:57","date_gmt":"2022-10-23T21:28:57","guid":{"rendered":"https:\/\/dev1.w5d.net\/?page_id=348"},"modified":"2023-10-04T16:23:27","modified_gmt":"2023-10-04T16:23:27","slug":"solution-digitale","status":"publish","type":"page","link":"https:\/\/dev1.w5d.net\/index.php\/solution-digitale\/","title":{"rendered":"Solution Digitale"},"content":{"rendered":"\t\t<div data-elementor-type=\"wp-page\" data-elementor-id=\"348\" class=\"elementor elementor-348\">\n\t\t\t\t\t\t\t\t\t<section class=\"elementor-section elementor-top-section elementor-element elementor-element-23c35e9 elementor-section-full_width elementor-section-height-min-height elementor-section-height-default elementor-section-items-middle\" data-id=\"23c35e9\" data-element_type=\"section\" data-settings=\"{&quot;background_background&quot;:&quot;classic&quot;}\">\n\t\t\t\t\t\t\t<div class=\"elementor-background-overlay\"><\/div>\n\t\t\t\t\t\t\t<div class=\"elementor-container elementor-column-gap-default\">\n\t\t\t\t\t<div class=\"elementor-column elementor-col-100 elementor-top-column elementor-element elementor-element-cd27a26\" data-id=\"cd27a26\" data-element_type=\"column\">\n\t\t\t<div class=\"elementor-widget-wrap elementor-element-populated\">\n\t\t\t\t\t\t\t\t<div class=\"elementor-element elementor-element-926332f elementor-widget__width-inherit elementor-widget elementor-widget-heading\" data-id=\"926332f\" data-element_type=\"widget\" data-widget_type=\"heading.default\">\n\t\t\t\t<div class=\"elementor-widget-container\">\n\t\t\t<style>\/*! elementor - v3.17.0 - 01-11-2023 *\/\n.elementor-heading-title{padding:0;margin:0;line-height:1}.elementor-widget-heading .elementor-heading-title[class*=elementor-size-]>a{color:inherit;font-size:inherit;line-height:inherit}.elementor-widget-heading .elementor-heading-title.elementor-size-small{font-size:15px}.elementor-widget-heading .elementor-heading-title.elementor-size-medium{font-size:19px}.elementor-widget-heading .elementor-heading-title.elementor-size-large{font-size:29px}.elementor-widget-heading .elementor-heading-title.elementor-size-xl{font-size:39px}.elementor-widget-heading .elementor-heading-title.elementor-size-xxl{font-size:59px}<\/style><h2 class=\"elementor-heading-title elementor-size-medium\">Solution Digitale<\/h2>\t\t<\/div>\n\t\t\t\t<\/div>\n\t\t\t\t\t<\/div>\n\t\t<\/div>\n\t\t\t\t\t\t\t<\/div>\n\t\t<\/section>\n\t\t\t\t<section class=\"elementor-section elementor-top-section elementor-element elementor-element-18de46d9 elementor-section-boxed elementor-section-height-default elementor-section-height-default\" data-id=\"18de46d9\" data-element_type=\"section\">\n\t\t\t\t\t\t<div class=\"elementor-container elementor-column-gap-default\">\n\t\t\t\t\t<div class=\"elementor-column elementor-col-100 elementor-top-column elementor-element elementor-element-96c867a\" data-id=\"96c867a\" data-element_type=\"column\">\n\t\t\t<div class=\"elementor-widget-wrap elementor-element-populated\">\n\t\t\t\t\t\t\t\t<div class=\"elementor-element elementor-element-51717db9 elementor-widget elementor-widget-text-editor\" data-id=\"51717db9\" data-element_type=\"widget\" data-widget_type=\"text-editor.default\">\n\t\t\t\t<div class=\"elementor-widget-container\">\n\t\t\t<style>\/*! elementor - v3.17.0 - 01-11-2023 *\/\n.elementor-widget-text-editor.elementor-drop-cap-view-stacked .elementor-drop-cap{background-color:#69727d;color:#fff}.elementor-widget-text-editor.elementor-drop-cap-view-framed .elementor-drop-cap{color:#69727d;border:3px solid;background-color:transparent}.elementor-widget-text-editor:not(.elementor-drop-cap-view-default) .elementor-drop-cap{margin-top:8px}.elementor-widget-text-editor:not(.elementor-drop-cap-view-default) .elementor-drop-cap-letter{width:1em;height:1em}.elementor-widget-text-editor .elementor-drop-cap{float:left;text-align:center;line-height:1;font-size:50px}.elementor-widget-text-editor .elementor-drop-cap-letter{display:inline-block}<\/style>\t\t\t\t<!-- wp:heading {\"textAlign\":\"center\"} -->\n<h2 class=\"wp-block-heading has-text-align-center\">Imaginons votre future communication<\/h2>\n<!-- \/wp:heading -->\n\n<!-- wp:heading {\"textAlign\":\"center\",\"level\":4} -->\n<h4 class=\"wp-block-heading has-text-align-center\">Web &#8211; Mobile &#8211; Vid\u00e9o &#8211; Print<\/h4>\n<!-- \/wp:heading -->\n\n<!-- wp:spacer {\"height\":\"28px\"} -->\n<div style=\"height:28px\" aria-hidden=\"true\" class=\"wp-block-spacer\"><\/div>\n<!-- \/wp:spacer -->\n\n<!-- wp:kadence\/rowlayout {\"uniqueID\":\"348_c6bb53-08\",\"columns\":3,\"customRowGutter\":[30,\"\",\"\"],\"columnGutter\":\"wider\",\"customGutter\":[64,\"\",\"\"],\"colLayout\":\"equal\",\"bgColor\":\"palette9\",\"align\":\"full\",\"columnsUnlocked\":true,\"inheritMaxWidth\":true,\"bgColorClass\":\"theme-palette9\",\"padding\":[\"md\",\"\",\"md\",\"\"],\"kbVersion\":2} -->\n<!-- wp:kadence\/column {\"borderWidth\":[\"\",\"\",\"\",\"\"],\"uniqueID\":\"348_6b5bba-f2\",\"borderStyle\":[{\"top\":[\"\",\"\",\"\"],\"right\":[\"\",\"\",\"\"],\"bottom\":[\"\",\"\",\"\"],\"left\":[\"\",\"\",\"\"],\"unit\":\"px\"}],\"className\":\"inner-column-1\"} -->\n<div class=\"wp-block-kadence-column kadence-column348_6b5bba-f2 inner-column-1\"><div class=\"kt-inside-inner-col\"><!-- wp:kadence\/image {\"id\":2864,\"sizeSlug\":\"large\",\"ratio\":\"land32\",\"useRatio\":true,\"linkDestination\":\"none\",\"uniqueID\":\"348_9ff00f-f7\",\"marginDesktop\":[\"\",\"\",\"sm\",\"\"],\"borderStyle\":[{\"top\":[null,\"\",\"\"],\"right\":[null,\"\",\"\"],\"bottom\":[null,\"\",\"\"],\"left\":[null,\"\",\"\"],\"unit\":\"px\"}],\"tabletBorderStyle\":[{\"top\":[\"\",\"\",\"\"],\"right\":[\"\",\"\",\"\"],\"bottom\":[\"\",\"\",\"\"],\"left\":[\"\",\"\",\"\"],\"unit\":\"px\"}],\"mobileBorderStyle\":[{\"top\":[\"\",\"\",\"\"],\"right\":[\"\",\"\",\"\"],\"bottom\":[\"\",\"\",\"\"],\"left\":[\"\",\"\",\"\"],\"unit\":\"px\"}]} -->\n<figure class=\"wp-block-kadence-image kb-image348_9ff00f-f7 size-large kb-image-is-ratio-size\"><div class=\"kb-is-ratio-image kb-image-ratio-land32\"><img decoding=\"async\" src=\"https:\/\/patterns.startertemplatecloud.com\/wp-content\/uploads\/2023\/02\/Example-A-Roll-Image-1024x793.jpg\" alt=\"\" class=\"kb-img wp-image-2864\" \/><\/div><\/figure>\n<!-- \/wp:kadence\/image -->\n\n<!-- wp:kadence\/advancedheading {\"level\":5,\"uniqueID\":\"348_494f90-e0\",\"align\":\"center\",\"color\":\"palette3\",\"letterSpacingType\":\"em\",\"margin\":[\"0\",\"\",\"xs\",\"\"],\"markBorder\":\"\",\"markBorderStyles\":[{\"top\":[null,\"\",\"\"],\"right\":[null,\"\",\"\"],\"bottom\":[null,\"\",\"\"],\"left\":[null,\"\",\"\"],\"unit\":\"px\"}],\"colorClass\":\"theme-palette3\",\"fontSize\":[\"md\",\"\",\"\"],\"fontHeight\":[null,\"\",\"\"],\"maxWidth\":[480,\"\",\"\"]} -->\n<h5 class=\"kt-adv-heading348_494f90-e0 wp-block-kadence-advancedheading has-theme-palette-3-color has-text-color\" data-kb-block=\"kb-adv-heading348_494f90-e0\">Faire le bon choix<\/h5>\n<!-- \/wp:kadence\/advancedheading -->\n\n<!-- wp:kadence\/advancedheading {\"level\":3,\"uniqueID\":\"348_75c1f2-4e\",\"align\":\"center\",\"color\":\"palette4\",\"markBorder\":\"\",\"markBorderStyles\":[{\"top\":[null,\"\",\"\"],\"right\":[null,\"\",\"\"],\"bottom\":[null,\"\",\"\"],\"left\":[null,\"\",\"\"],\"unit\":\"px\"}],\"colorClass\":\"theme-palette4\",\"htmlTag\":\"p\",\"fontSize\":[\"\",\"\",\"\"],\"fontHeight\":[\"\",\"\",\"\"],\"fontHeightType\":\"em\",\"maxWidth\":[375,\"\",\"\"]} -->\n<p class=\"kt-adv-heading348_75c1f2-4e wp-block-kadence-advancedheading has-theme-palette-4-color has-text-color\" data-kb-block=\"kb-adv-heading348_75c1f2-4e\">Prendre un peu de temps \u00e0 la r\u00e9flexion et ne jamais foncer la t\u00eate la premi\u00e8re dans un projet sous peine de se tromper<\/p>\n<!-- \/wp:kadence\/advancedheading --><\/div><\/div>\n<!-- \/wp:kadence\/column -->\n\n<!-- wp:kadence\/column {\"borderWidth\":[\"\",\"\",\"\",\"\"],\"uniqueID\":\"348_371b80-6f\",\"borderStyle\":[{\"top\":[\"\",\"\",\"\"],\"right\":[\"\",\"\",\"\"],\"bottom\":[\"\",\"\",\"\"],\"left\":[\"\",\"\",\"\"],\"unit\":\"px\"}],\"className\":\"inner-column-1\"} -->\n<div class=\"wp-block-kadence-column kadence-column348_371b80-6f inner-column-1\"><div class=\"kt-inside-inner-col\"><!-- wp:kadence\/image {\"id\":2864,\"sizeSlug\":\"large\",\"ratio\":\"land32\",\"useRatio\":true,\"linkDestination\":\"none\",\"uniqueID\":\"348_4d320f-7a\",\"marginDesktop\":[\"\",\"\",\"sm\",\"\"],\"borderStyle\":[{\"top\":[null,\"\",\"\"],\"right\":[null,\"\",\"\"],\"bottom\":[null,\"\",\"\"],\"left\":[null,\"\",\"\"],\"unit\":\"px\"}],\"tabletBorderStyle\":[{\"top\":[\"\",\"\",\"\"],\"right\":[\"\",\"\",\"\"],\"bottom\":[\"\",\"\",\"\"],\"left\":[\"\",\"\",\"\"],\"unit\":\"px\"}],\"mobileBorderStyle\":[{\"top\":[\"\",\"\",\"\"],\"right\":[\"\",\"\",\"\"],\"bottom\":[\"\",\"\",\"\"],\"left\":[\"\",\"\",\"\"],\"unit\":\"px\"}]} -->\n<figure class=\"wp-block-kadence-image kb-image348_4d320f-7a size-large kb-image-is-ratio-size\"><div class=\"kb-is-ratio-image kb-image-ratio-land32\"><img decoding=\"async\" src=\"https:\/\/patterns.startertemplatecloud.com\/wp-content\/uploads\/2023\/02\/Example-A-Roll-Image-1024x793.jpg\" alt=\"\" class=\"kb-img wp-image-2864\" \/><\/div><\/figure>\n<!-- \/wp:kadence\/image -->\n\n<!-- wp:kadence\/advancedheading {\"level\":5,\"uniqueID\":\"348_46201b-1c\",\"align\":\"center\",\"color\":\"palette3\",\"letterSpacingType\":\"em\",\"margin\":[\"0\",\"\",\"xs\",\"\"],\"markBorder\":\"\",\"markBorderStyles\":[{\"top\":[null,\"\",\"\"],\"right\":[null,\"\",\"\"],\"bottom\":[null,\"\",\"\"],\"left\":[null,\"\",\"\"],\"unit\":\"px\"}],\"colorClass\":\"theme-palette3\",\"fontSize\":[\"md\",\"\",\"\"],\"fontHeight\":[null,\"\",\"\"],\"maxWidth\":[480,\"\",\"\"]} -->\n<h5 class=\"kt-adv-heading348_46201b-1c wp-block-kadence-advancedheading has-theme-palette-3-color has-text-color\" data-kb-block=\"kb-adv-heading348_46201b-1c\">Travail d&rsquo;\u00e9quipe<\/h5>\n<!-- \/wp:kadence\/advancedheading -->\n\n<!-- wp:kadence\/advancedheading {\"level\":3,\"uniqueID\":\"348_72d993-b3\",\"align\":\"center\",\"color\":\"palette4\",\"markBorder\":\"\",\"markBorderStyles\":[{\"top\":[null,\"\",\"\"],\"right\":[null,\"\",\"\"],\"bottom\":[null,\"\",\"\"],\"left\":[null,\"\",\"\"],\"unit\":\"px\"}],\"colorClass\":\"theme-palette4\",\"htmlTag\":\"p\",\"fontSize\":[\"\",\"\",\"\"],\"fontHeight\":[\"\",\"\",\"\"],\"fontHeightType\":\"em\",\"maxWidth\":[375,\"\",\"\"]} -->\n<p class=\"kt-adv-heading348_72d993-b3 wp-block-kadence-advancedheading has-theme-palette-4-color has-text-color\" data-kb-block=\"kb-adv-heading348_72d993-b3\">De l&rsquo;appel t\u00e9l\u00e9phonique \u00e0 la r\u00e9union Skype, tous les moyens techniques sont mis en avant pour la r\u00e9alisation d&rsquo;une bonne communication.<\/p>\n<!-- \/wp:kadence\/advancedheading --><\/div><\/div>\n<!-- \/wp:kadence\/column -->\n\n<!-- wp:kadence\/column {\"borderWidth\":[\"\",\"\",\"\",\"\"],\"uniqueID\":\"348_041879-60\",\"borderStyle\":[{\"top\":[\"\",\"\",\"\"],\"right\":[\"\",\"\",\"\"],\"bottom\":[\"\",\"\",\"\"],\"left\":[\"\",\"\",\"\"],\"unit\":\"px\"}],\"className\":\"inner-column-1\"} -->\n<div class=\"wp-block-kadence-column kadence-column348_041879-60 inner-column-1\"><div class=\"kt-inside-inner-col\"><!-- wp:kadence\/image {\"id\":2864,\"sizeSlug\":\"large\",\"ratio\":\"land32\",\"useRatio\":true,\"linkDestination\":\"none\",\"uniqueID\":\"348_39e6c1-59\",\"marginDesktop\":[\"\",\"\",\"sm\",\"\"],\"borderStyle\":[{\"top\":[null,\"\",\"\"],\"right\":[null,\"\",\"\"],\"bottom\":[null,\"\",\"\"],\"left\":[null,\"\",\"\"],\"unit\":\"px\"}],\"tabletBorderStyle\":[{\"top\":[\"\",\"\",\"\"],\"right\":[\"\",\"\",\"\"],\"bottom\":[\"\",\"\",\"\"],\"left\":[\"\",\"\",\"\"],\"unit\":\"px\"}],\"mobileBorderStyle\":[{\"top\":[\"\",\"\",\"\"],\"right\":[\"\",\"\",\"\"],\"bottom\":[\"\",\"\",\"\"],\"left\":[\"\",\"\",\"\"],\"unit\":\"px\"}]} -->\n<figure class=\"wp-block-kadence-image kb-image348_39e6c1-59 size-large kb-image-is-ratio-size\"><div class=\"kb-is-ratio-image kb-image-ratio-land32\"><img decoding=\"async\" src=\"https:\/\/patterns.startertemplatecloud.com\/wp-content\/uploads\/2023\/02\/Example-A-Roll-Image-1024x793.jpg\" alt=\"\" class=\"kb-img wp-image-2864\" \/><\/div><\/figure>\n<!-- \/wp:kadence\/image -->\n\n<!-- wp:kadence\/advancedheading {\"level\":5,\"uniqueID\":\"348_8d6b31-96\",\"align\":\"center\",\"color\":\"palette3\",\"letterSpacingType\":\"em\",\"margin\":[\"0\",\"\",\"xs\",\"\"],\"markBorder\":\"\",\"markBorderStyles\":[{\"top\":[null,\"\",\"\"],\"right\":[null,\"\",\"\"],\"bottom\":[null,\"\",\"\"],\"left\":[null,\"\",\"\"],\"unit\":\"px\"}],\"colorClass\":\"theme-palette3\",\"fontSize\":[\"md\",\"\",\"\"],\"fontHeight\":[null,\"\",\"\"],\"maxWidth\":[480,\"\",\"\"]} -->\n<h5 class=\"kt-adv-heading348_8d6b31-96 wp-block-kadence-advancedheading has-theme-palette-3-color has-text-color\" data-kb-block=\"kb-adv-heading348_8d6b31-96\">Interop\u00e9rabilit\u00e9<\/h5>\n<!-- \/wp:kadence\/advancedheading -->\n\n<!-- wp:kadence\/advancedheading {\"level\":3,\"uniqueID\":\"348_a5e1c8-cc\",\"align\":\"center\",\"color\":\"palette4\",\"markBorder\":\"\",\"markBorderStyles\":[{\"top\":[null,\"\",\"\"],\"right\":[null,\"\",\"\"],\"bottom\":[null,\"\",\"\"],\"left\":[null,\"\",\"\"],\"unit\":\"px\"}],\"colorClass\":\"theme-palette4\",\"htmlTag\":\"p\",\"fontSize\":[\"\",\"\",\"\"],\"fontHeight\":[\"\",\"\",\"\"],\"fontHeightType\":\"em\",\"maxWidth\":[375,\"\",\"\"]} -->\n<p class=\"kt-adv-heading348_a5e1c8-cc wp-block-kadence-advancedheading has-theme-palette-4-color has-text-color\" data-kb-block=\"kb-adv-heading348_a5e1c8-cc\">R\u00e9alisations en Cross Plateforme \/ Transition des infos en simultan\u00e9 sur des technologies respectant l&rsquo;int\u00e9rop\u00e9rabilit\u00e9 des machines.<\/p>\n<!-- \/wp:kadence\/advancedheading --><\/div><\/div>\n<!-- \/wp:kadence\/column -->\n<!-- \/wp:kadence\/rowlayout -->\n\n<!-- wp:kadence\/rowlayout {\"uniqueID\":\"348_0aeb7d-5d\",\"mobileRowGutter\":\"none\",\"customRowGutter\":[30,\"\",\"\"],\"columnGutter\":\"custom\",\"tabletGutter\":\"default\",\"customGutter\":[100,32,\"\"],\"colLayout\":\"right-golden\",\"bgColor\":\"palette9\",\"align\":\"full\",\"tabletPadding\":[\"\",\"sm\",\"\",\"sm\"],\"columnsInnerHeight\":true,\"backgroundSettingTab\":\"slider\",\"inheritMaxWidth\":true,\"bgColorClass\":\"theme-palette9\",\"padding\":[\"lg\",\"\",\"lg\",\"\"],\"margin\":[\"0\",\"\",\"0\",\"\"],\"kbVersion\":2} -->\n<!-- wp:kadence\/column {\"borderWidth\":[\"\",\"\",\"\",\"\"],\"borderRadius\":[400,400,400,400],\"uniqueID\":\"348_cf4e82-63\",\"backgroundImg\":[{\"bgImg\":\"https:\/\/dev1.w5d.net\/wp-content\/uploads\/2023\/09\/Example-A-Roll-Image-scaled-1.jpg\",\"bgImgID\":2864,\"bgImgSize\":\" auto\",\"bgImgPosition\":\"50% 50%\",\"bgImgAttachment\":\"scroll\",\"bgImgRepeat\":\"no-repeat\"}],\"marginType\":\"%\",\"direction\":[\"vertical\",\"horizontal\",\"\"],\"rowGap\":[10,100,\"\"],\"verticalAlignment\":\"\",\"height\":[550,450,300],\"padding\":[\"0\",\"0\",\"\",\"\"],\"tabletPadding\":[\"0\",\"\",\"\",\"\"],\"margin\":[\"\",\"\",\"\",\"\"],\"tabletMargin\":[\"\",\"\",\"\",\"0\"],\"borderStyle\":[{\"top\":[\"palette1\",\"solid\",\"\"],\"right\":[\"palette1\",\"solid\",\"\"],\"bottom\":[\"palette1\",\"solid\",\"\"],\"left\":[\"palette1\",\"solid\",\"\"],\"unit\":\"px\"}],\"className\":\"inner-column-1\"} -->\n<div class=\"wp-block-kadence-column kadence-column348_cf4e82-63 kb-section-dir-vertical kb-section-md-dir-horizontal inner-column-1\"><div class=\"kt-inside-inner-col\"><\/div><\/div>\n<!-- \/wp:kadence\/column -->\n\n<!-- wp:kadence\/column {\"id\":2,\"borderWidth\":[\"\",\"\",\"\",\"\"],\"uniqueID\":\"348_e1c1d9-7c\",\"textAlign\":[\"left\",\"\",\"\"],\"direction\":[\"vertical\",\"\",\"\"],\"justifyContent\":[\"\",\"\",\"\"],\"gutter\":[0,\"\",\"\"],\"verticalAlignment\":\"middle\",\"padding\":[\"md\",\"\",\"md\",\"\"],\"tabletPadding\":[\"\",\"0\",\"\",\"0\"],\"mobilePadding\":[\"\",\"0\",\"0\",\"0\"],\"borderStyle\":[{\"top\":[\"\",\"\",\"\"],\"right\":[\"\",\"\",\"\"],\"bottom\":[\"\",\"\",\"\"],\"left\":[\"\",\"\",\"\"],\"unit\":\"px\"}],\"className\":\"inner-column-2\"} -->\n<div class=\"wp-block-kadence-column kadence-column348_e1c1d9-7c kb-section-dir-vertical inner-column-2\"><div class=\"kt-inside-inner-col\"><!-- wp:kadence\/advancedheading {\"uniqueID\":\"348_001948-ae\",\"color\":\"palette4\",\"fontWeight\":\"400\",\"margin\":[\"\",\"\",\"\",\"\"],\"padding\":[\"\",\"\",\"sm\",\"\"],\"markBorder\":\"\",\"markBorderStyles\":[{\"top\":[null,\"\",\"\"],\"right\":[null,\"\",\"\"],\"bottom\":[null,\"\",\"\"],\"left\":[null,\"\",\"\"],\"unit\":\"px\"}],\"textTransform\":\"uppercase\",\"colorClass\":\"theme-palette4\",\"htmlTag\":\"div\",\"fontSize\":[\"sm\",\"\",\"\"]} -->\n<div class=\"kt-adv-heading348_001948-ae wp-block-kadence-advancedheading has-theme-palette-4-color has-text-color\" data-kb-block=\"kb-adv-heading348_001948-ae\">Web \/ Responsive \/ Landing Page \/ E-commerce \/ M-commerce <em>(mobile)<\/em><\/div>\n<!-- \/wp:kadence\/advancedheading -->\n\n<!-- wp:kadence\/advancedheading {\"uniqueID\":\"348_0448ce-b3\",\"color\":\"palette3\",\"margin\":[\"0\",\"\",\"sm\",\"\"],\"padding\":[\"0\",\"\",\"0\",\"\"],\"markBorder\":\"\",\"markBorderStyles\":[{\"top\":[null,\"\",\"\"],\"right\":[null,\"\",\"\"],\"bottom\":[null,\"\",\"\"],\"left\":[null,\"\",\"\"],\"unit\":\"px\"}],\"colorClass\":\"theme-palette3\",\"fontSize\":[\"xl\",\"\",\"\"],\"fontHeight\":[1.2,\"\",\"\"]} -->\n<h2 class=\"kt-adv-heading348_0448ce-b3 wp-block-kadence-advancedheading has-theme-palette-3-color has-text-color\" data-kb-block=\"kb-adv-heading348_0448ce-b3\">Cr\u00e9ation de site web<\/h2>\n<!-- \/wp:kadence\/advancedheading -->\n\n<!-- wp:kadence\/advancedheading {\"uniqueID\":\"348_076787-fe\",\"color\":\"palette4\",\"markBorder\":\"\",\"markBorderStyles\":[{\"top\":[null,\"\",\"\"],\"right\":[null,\"\",\"\"],\"bottom\":[null,\"\",\"\"],\"left\":[null,\"\",\"\"],\"unit\":\"px\"}],\"tabletMarkBorderStyles\":[{\"top\":[null,\"\",\"\"],\"right\":[null,\"\",\"\"],\"bottom\":[null,\"\",\"\"],\"left\":[null,\"\",\"\"],\"unit\":\"px\"}],\"mobileMarkBorderStyles\":[{\"top\":[null,\"\",\"\"],\"right\":[null,\"\",\"\"],\"bottom\":[null,\"\",\"\"],\"left\":[null,\"\",\"\"],\"unit\":\"px\"}],\"colorClass\":\"theme-palette4\",\"htmlTag\":\"p\",\"className\":\"has-md-font-size\"} -->\n<p class=\"kt-adv-heading348_076787-fe has-md-font-size wp-block-kadence-advancedheading has-theme-palette-4-color has-text-color\" data-kb-block=\"kb-adv-heading348_076787-fe\">Sp\u00e9cificit\u00e9s techniques indissociables pour g\u00e9rer votre communication et votre marketing web.<\/p>\n<!-- \/wp:kadence\/advancedheading -->\n\n<!-- wp:kadence\/advancedbtn {\"hAlign\":\"left\",\"uniqueID\":\"348_7f930b-06\",\"btns\":[],\"margin\":[{\"desk\":[\"\",\"\",\"\",\"\"],\"tablet\":[\"\",\"\",\"\",\"\"],\"mobile\":[\"\",\"\",\"\",\"\"]}],\"gap\":[\"xs\",\"\",\"\"]} -->\n<div class=\"wp-block-kadence-advancedbtn kb-buttons-wrap kb-btns348_7f930b-06\"><!-- wp:kadence\/singlebtn {\"uniqueID\":\"348_bf7d9e-d2\",\"text\":\"En savoir +\",\"width\":[\"\",\"\",\"\"],\"padding\":[\"\",\"\",\"\",\"\"],\"mobilePadding\":[\"\",\"\",\"\",\"\"],\"margin\":[\"\",\"\",\"\",\"\"],\"tabletMargin\":[\"\",\"\",\"\",\"\"],\"mobileMargin\":[\"\",\"\",\"\",\"\"],\"borderStyle\":[{\"top\":[\"\",\"\",\"\"],\"right\":[\"\",\"\",\"\"],\"bottom\":[\"\",\"\",\"\"],\"left\":[\"\",\"\",\"\"],\"unit\":\"px\"}],\"borderHoverStyle\":[{\"top\":[\"\",\"\",\"\"],\"right\":[\"\",\"\",\"\"],\"bottom\":[\"\",\"\",\"\"],\"left\":[\"\",\"\",\"\"],\"unit\":\"px\"}],\"borderRadius\":[\"\",\"\",\"\",\"\"],\"iconPadding\":[\"\",\"\",\"\",\"\"],\"iconSize\":[\"\",\"\",\"\"],\"onlyIcon\":[false,\"\",\"\"],\"inheritStyles\":\"inherit\",\"typography\":[{\"size\":[\"\",\"\",\"\"],\"sizeType\":\"px\",\"lineHeight\":[\"\",\"\",\"\"],\"lineType\":\"\",\"letterSpacing\":[\"\",\"\",\"\"],\"letterType\":\"px\",\"family\":\"\",\"google\":false,\"style\":\"normal\",\"weight\":\"regular\",\"variant\":\"\",\"subset\":\"\",\"textTransform\":\"\",\"loadGoogle\":true}],\"noCustomDefaults\":true} \/--><\/div>\n<!-- \/wp:kadence\/advancedbtn --><\/div><\/div>\n<!-- \/wp:kadence\/column -->\n<!-- \/wp:kadence\/rowlayout -->\n\n<!-- wp:kadence\/rowlayout {\"uniqueID\":\"348_fa45b6-8a\",\"colLayout\":\"right-golden\",\"padding\":[\"sm\",\"\",\"sm\",\"\"],\"kbVersion\":2} -->\n<!-- wp:kadence\/column {\"borderWidth\":[\"\",\"\",\"\",\"\"],\"uniqueID\":\"348_ea1f82-e7\",\"borderStyle\":[{\"top\":[\"\",\"\",\"\"],\"right\":[\"\",\"\",\"\"],\"bottom\":[\"\",\"\",\"\"],\"left\":[\"\",\"\",\"\"],\"unit\":\"px\"}]} -->\n<div class=\"wp-block-kadence-column kadence-column348_ea1f82-e7\"><div class=\"kt-inside-inner-col\"><!-- wp:image {\"align\":\"center\",\"id\":198,\"sizeSlug\":\"full\",\"linkDestination\":\"none\",\"className\":\"is-style-default\"} -->\n<figure class=\"wp-block-image aligncenter size-full is-style-default\"><img loading=\"lazy\" decoding=\"async\" width=\"320\" height=\"240\" src=\"https:\/\/dev1.w5d.net\/wp-content\/uploads\/2022\/10\/w5d-agencee-identite-visuelle-impression-print.gif\" alt=\"\" class=\"wp-image-198\" \/><\/figure>\n<!-- \/wp:image --><\/div><\/div>\n<!-- \/wp:kadence\/column -->\n\n<!-- wp:kadence\/column {\"id\":2,\"borderWidth\":[\"\",\"\",\"\",\"\"],\"uniqueID\":\"348_f418fe-73\",\"borderStyle\":[{\"top\":[\"\",\"\",\"\"],\"right\":[\"\",\"\",\"\"],\"bottom\":[\"\",\"\",\"\"],\"left\":[\"\",\"\",\"\"],\"unit\":\"px\"}]} -->\n<div class=\"wp-block-kadence-column kadence-column348_f418fe-73\"><div class=\"kt-inside-inner-col\"><!-- wp:kadence\/advancedheading {\"uniqueID\":\"348_be7843-4c\",\"align\":\"left\",\"markBorder\":\"\",\"markBorderStyles\":[{\"top\":[null,\"\",\"\"],\"right\":[null,\"\",\"\"],\"bottom\":[null,\"\",\"\"],\"left\":[null,\"\",\"\"],\"unit\":\"px\"}],\"tabletMarkBorderStyles\":[{\"top\":[null,\"\",\"\"],\"right\":[null,\"\",\"\"],\"bottom\":[null,\"\",\"\"],\"left\":[null,\"\",\"\"],\"unit\":\"px\"}],\"mobileMarkBorderStyles\":[{\"top\":[null,\"\",\"\"],\"right\":[null,\"\",\"\"],\"bottom\":[null,\"\",\"\"],\"left\":[null,\"\",\"\"],\"unit\":\"px\"}],\"fontSize\":[\"xl\",\"\",\"\"]} -->\n<h2 class=\"kt-adv-heading348_be7843-4c wp-block-kadence-advancedheading\" data-kb-block=\"kb-adv-heading348_be7843-4c\">Cr\u00e9ation de site web<\/h2>\n<!-- \/wp:kadence\/advancedheading -->\n\n<!-- wp:paragraph {\"align\":\"left\",\"textColor\":\"theme-palette4\",\"fontSize\":\"medium\"} -->\n<p class=\"has-text-align-left has-theme-palette-4-color has-text-color has-medium-font-size\">Web \/ Responsive \/ Landing Page \/ E-commerce \/ M-commerce <em>(mobile)<\/em><\/p>\n<!-- \/wp:paragraph -->\n\n<!-- wp:paragraph -->\n<p>Sp\u00e9cificit\u00e9s techniques indissociables pour g\u00e9rer votre communication et votre marketing web.<\/p>\n<!-- \/wp:paragraph --><\/div><\/div>\n<!-- \/wp:kadence\/column -->\n<!-- \/wp:kadence\/rowlayout -->\t\t\t\t\t\t<\/div>\n\t\t\t\t<\/div>\n\t\t\t\t\t<\/div>\n\t\t<\/div>\n\t\t\t\t\t\t\t<\/div>\n\t\t<\/section>\n\t\t\t\t\t\t\t<\/div>\n\t\t","protected":false},"excerpt":{"rendered":"<p>Solution Digitale Imaginons votre future communication Web &#8211; Mobile &#8211; Vid\u00e9o &#8211; Print Faire le bon choix Prendre un peu de temps \u00e0 la r\u00e9flexion et ne jamais foncer la t\u00eate la premi\u00e8re dans un projet sous peine de se tromper Travail d&rsquo;\u00e9quipe De l&rsquo;appel t\u00e9l\u00e9phonique \u00e0 la r\u00e9union Skype, tous les moyens techniques sont&#8230;<\/p>\n","protected":false},"author":1,"featured_media":0,"parent":0,"menu_order":0,"comment_status":"closed","ping_status":"closed","template":"","meta":{"_kad_blocks_custom_css":"","_kad_blocks_head_custom_js":"","_kad_blocks_body_custom_js":"","_kad_blocks_footer_custom_js":"","_kad_post_transparent":"","_kad_post_title":"hide","_kad_post_layout":"fullwidth","_kad_post_sidebar_id":"","_kad_post_content_style":"unboxed","_kad_post_vertical_padding":"hide","_kad_post_feature":"hide","_kad_post_feature_position":"","_kad_post_header":false,"_kad_post_footer":false,"footnotes":""},"class_list":["post-348","page","type-page","status-publish","hentry"],"taxonomy_info":[],"featured_image_src_large":false,"author_info":{"display_name":"admin","author_link":"https:\/\/dev1.w5d.net\/auteur\/admin\/"},"comment_info":0,"_links":{"self":[{"href":"https:\/\/dev1.w5d.net\/index.php\/wp-json\/wp\/v2\/pages\/348","targetHints":{"allow":["GET"]}}],"collection":[{"href":"https:\/\/dev1.w5d.net\/index.php\/wp-json\/wp\/v2\/pages"}],"about":[{"href":"https:\/\/dev1.w5d.net\/index.php\/wp-json\/wp\/v2\/types\/page"}],"author":[{"embeddable":true,"href":"https:\/\/dev1.w5d.net\/index.php\/wp-json\/wp\/v2\/users\/1"}],"replies":[{"embeddable":true,"href":"https:\/\/dev1.w5d.net\/index.php\/wp-json\/wp\/v2\/comments?post=348"}],"version-history":[{"count":30,"href":"https:\/\/dev1.w5d.net\/index.php\/wp-json\/wp\/v2\/pages\/348\/revisions"}],"predecessor-version":[{"id":820,"href":"https:\/\/dev1.w5d.net\/index.php\/wp-json\/wp\/v2\/pages\/348\/revisions\/820"}],"wp:attachment":[{"href":"https:\/\/dev1.w5d.net\/index.php\/wp-json\/wp\/v2\/media?parent=348"}],"curies":[{"name":"wp","href":"https:\/\/api.w.org\/{rel}","templated":true}]}}